{"id":3574,"date":"2021-11-17T12:58:22","date_gmt":"2021-11-17T17:58:22","guid":{"rendered":"https:\/\/home.kronozio.com\/page-daccueil-de-kronocard\/"},"modified":"2023-03-02T13:22:33","modified_gmt":"2023-03-02T18:22:33","slug":"page-daccueil-de-kronocard","status":"publish","type":"page","link":"https:\/\/home.kronozio.com\/fr\/","title":{"rendered":"Page d&rsquo;accueil de Kronocard"},"content":{"rendered":"<section class=\"l-section wpb_row us_custom_71c04a45 height_huge color_alternate with_img\"><div class=\"l-section-img\" role=\"img\" data-img-width=\"3000\" data-img-height=\"1500\" style=\"background-image: url(https:\/\/home.kronozio.com\/wp-content\/uploads\/2023\/03\/kz-banner-a01.png);\"><\/div><div class=\"l-section-overlay\" style=\"background:rgba(0,46,61,0.00)\"><\/div><div class=\"l-section-h i-cf\"><div class=\"g-cols vc_row via_grid cols_1 laptops-cols_inherit tablets-cols_inherit mobiles-cols_1 valign_top type_default stacking_default\" style=\"--columns-gap:0rem;\"><div class=\"wpb_column vc_column_container\"><div class=\"vc_column-inner\"><h1 class=\"w-text us_custom_0ac6fb42 has_text_color us_animate_this\"><span class=\"w-text-h\"><span class=\"w-text-value\">Vendez vos cartes en ligne !<\/span><\/span><\/h1><div class=\"w-itext us_custom_5e5b347f has_text_color type_typingChars align_center dynamic_bold\" onclick='return {&quot;duration&quot;:200,&quot;delay&quot;:3500,&quot;disablePartAnimation&quot;:false,&quot;dynamicColor&quot;:&quot;var(--color-content-text)&quot;,&quot;html_nbsp_char&quot;:true}'>GESTIONNAIRE\u00a0D'INVENTAIRE\u00a0AVEC\u00a0<span class=\"w-itext-part changesat_0 changesat_1 changesat_2 changesat_3 changesat_4 dynamic\" style=\"color:_content_text\" onclick='return [&quot;INTELLIGENCE\\u00a0ARTIFICIELLE&quot;,&quot;AUTO-CADRAGE\\u00a0DES\\u00a0IMAGES&quot;,&quot;MISE\\u00a0EN\\u00a0LIGNE\\u00a0RAPIDE&quot;,&quot;MODULE\\u00a0D&#039;EXP\\u00c9DITION&quot;,&quot;CONNECTEUR\\u00a0POUR\\u00a0EBAY&quot;]'><span>INTELLIGENCE&nbsp;ARTIFICIELLE<\/span><i class=\"w-itext-cursor\"><\/i><\/span><\/div><div class=\"w-separator size_small\"><\/div><section class=\"l-section wpb_row height_small\"><div class=\"l-section-h i-cf\"><div class=\"g-cols vc_row via_grid cols_1 laptops-cols_inherit tablets-cols_inherit mobiles-cols_1 valign_middle type_default stacking_default\"><div class=\"wpb_column vc_column_container us_custom_4e8d03a7\"><div class=\"vc_column-inner\"><div class=\"g-cols wpb_row via_grid cols_3 laptops-cols_3 tablets-cols_3 mobiles-cols_1 valign_middle type_default stacking_default\" style=\"--columns-gap:0.3rem;\"><div class=\"wpb_column vc_column_container us_custom_0bde6a69\"><div class=\"vc_column-inner\"><div class=\"w-btn-wrapper align_center\"><a class=\"w-btn us-btn-style_8 us_custom_813f2885\" href=\"https:\/\/home.kronozio.com\/kronocard#product_description\"><span class=\"w-btn-label\">Scan<\/span><\/a><\/div><\/div><\/div><div class=\"wpb_column vc_column_container us_custom_0bde6a69\"><div class=\"vc_column-inner\"><div class=\"w-btn-wrapper align_center\"><a class=\"w-btn us-btn-style_9 us_custom_813f2885\" href=\"https:\/\/home.kronozio.com\/kronocard#product_description\"><span class=\"w-btn-label\">DOCUMENT<\/span><\/a><\/div><\/div><\/div><div class=\"wpb_column vc_column_container us_custom_0bde6a69\"><div class=\"vc_column-inner\"><div class=\"w-btn-wrapper align_center\"><a class=\"w-btn us-btn-style_2 us_custom_76156cf4\" href=\"https:\/\/home.kronozio.com\/kronocard#product_description\"><span class=\"w-btn-label\">LIST &#038; SELL ONLINE<\/span><\/a><\/div><\/div><\/div><\/div><\/div><\/div><\/div><\/div><\/section>\n<\/div><\/div><\/div><\/div><\/section><section class=\"l-section wpb_row height_large\"><div class=\"l-section-h i-cf\"><div class=\"g-cols vc_row via_grid cols_1 laptops-cols_inherit tablets-cols_inherit mobiles-cols_1 valign_top type_default stacking_default\" style=\"--columns-gap:1.5rem;\"><div class=\"wpb_column vc_column_container\"><div class=\"vc_column-inner\"><h2 class=\"w-text us_custom_b48a3196\"><span class=\"w-text-h\"><span class=\"w-text-value\">Comment \u00e7a marche<\/span><\/span><\/h2><div class=\"w-separator size_medium\"><\/div><div class=\"g-cols wpb_row via_grid cols_3 laptops-cols_2 tablets-cols_inherit mobiles-cols_1 valign_top type_default stacking_default\" style=\"--columns-gap:5rem;\"><div class=\"wpb_column vc_column_container\"><div class=\"vc_column-inner\"><div class=\"w-hwrapper us_custom_a0c0f151 valign_top align_none\"><div class=\"w-text us_custom_e3b6fcf3 has_text_color\"><span class=\"w-text-h\"><span class=\"w-text-value\">1<\/span><\/span><\/div><div class=\"wpb_text_column\"><div class=\"wpb_wrapper\"><h4>Cr\u00e9er un compte<\/h4>\n<p>Vous n&rsquo;avez pas encore de compte Kronozio ? Avant d&rsquo;installer Kronocard, veuillez cr\u00e9er un compte. C&rsquo;est gratuit !<\/p>\n<\/div><\/div><\/div><div class=\"w-btn-wrapper align_center\"><a class=\"w-btn us-btn-style_2 us_custom_31dc656e\" href=\"#\"><span class=\"w-btn-label\">Cr\u00e9er un compte<\/span><\/a><\/div><\/div><\/div><div class=\"wpb_column vc_column_container\"><div class=\"vc_column-inner\"><div class=\"w-hwrapper us_custom_a0c0f151 valign_top align_none\"><div class=\"w-text us_custom_e3b6fcf3 has_text_color\"><span class=\"w-text-h\"><span class=\"w-text-value\">2<\/span><\/span><\/div><div class=\"wpb_text_column\"><div class=\"wpb_wrapper\"><h4>T\u00e9l\u00e9charger et installer Kronocard<\/h4>\n<p>Maintenant que vous avez un compte, t\u00e9l\u00e9chargez Kronocard, le meilleur gestionnaire d&rsquo;inventaire de cartes pour Windows.  <\/p>\n<\/div><\/div><\/div><div class=\"w-btn-wrapper align_center\"><a class=\"w-btn us-btn-style_2 us_custom_31dc656e\" href=\"#\"><span class=\"w-btn-label\">T\u00e9l\u00e9charger Kronocard<\/span><\/a><\/div><\/div><\/div><div class=\"wpb_column vc_column_container us_custom_11827546\"><div class=\"vc_column-inner\"><div class=\"w-hwrapper us_custom_a0c0f151 valign_top align_none\"><div class=\"w-text us_custom_e3b6fcf3 has_text_color\"><span class=\"w-text-h\"><span class=\"w-text-value\">3<\/span><\/span><\/div><div class=\"wpb_text_column\"><div class=\"wpb_wrapper\"><h4>R\u00e9servez un d\u00e9mo<\/h4>\n<p>Vous ne voulez pas perdre votre temps \u00e0 essayer de comprendre le logiciel ? Soyez op\u00e9rationnel en un rien de temps en r\u00e9servant un d\u00e9mo en direct avec notre expert !<\/p>\n<\/div><\/div><\/div><div class=\"w-btn-wrapper align_center\"><a class=\"w-btn us-btn-style_2 us_custom_31dc656e\" href=\"#\"><span class=\"w-btn-label\">R\u00e9servez un d\u00e9mo<\/span><\/a><\/div><\/div><\/div><\/div><\/div><\/div><\/div><\/div><\/section><section class=\"l-section wpb_row height_large\"><div class=\"l-section-overlay\" style=\"background:var(--color-subfooter-link)\"><\/div><div class=\"l-section-h i-cf\"><div class=\"g-cols vc_row via_grid cols_1 laptops-cols_inherit tablets-cols_inherit mobiles-cols_1 valign_top type_default stacking_default\"><div class=\"wpb_column vc_column_container\"><div class=\"vc_column-inner\"><div class=\"w-popup align_center\"><button class=\"w-popup-trigger type_image\" aria-label=\"Popup\"><img decoding=\"async\" width=\"1684\" height=\"941\" src=\"https:\/\/home.kronozio.com\/wp-content\/uploads\/2023\/03\/KZCapture-2023-03-02_01-21-12.png\" class=\"attachment-us_800_800 size-us_800_800\" alt=\"\" srcset=\"https:\/\/home.kronozio.com\/wp-content\/uploads\/2023\/03\/KZCapture-2023-03-02_01-21-12.png 1684w, https:\/\/home.kronozio.com\/wp-content\/uploads\/2023\/03\/KZCapture-2023-03-02_01-21-12-500x279.png 500w, https:\/\/home.kronozio.com\/wp-content\/uploads\/2023\/03\/KZCapture-2023-03-02_01-21-12-1200x671.png 1200w\" sizes=\"(max-width: 1684px) 100vw, 1684px\" \/><\/button><div class=\"w-popup-overlay\" style=\"background:rgba(0,0,0,0.85);\"><\/div><div class=\"w-popup-wrap layout_default\" style=\"--title-color:var(--color-content-heading);--title-bg-color:var(--color-content-bg-alt);--content-color:var(--color-content-text);--content-bg-color:var(--color-content-bg);--popup-width:90%;\"><div class=\"w-popup-box animation_flipVer closerpos_outside without_title\"><div class=\"w-popup-box-h\"><div class=\"w-popup-box-content\"><section class=\"l-section wpb_row height_auto width_full\"><div class=\"l-section-h i-cf\"><div class=\"g-cols vc_row via_grid cols_1 laptops-cols_inherit tablets-cols_inherit mobiles-cols_1 valign_top type_default stacking_default\" style=\"--columns-gap:0rem;\"><div class=\"wpb_column vc_column_container\"><div class=\"vc_column-inner\"><div class=\"w-html us_custom_1153e2dc\"><div style=\"position: relative; padding-bottom: 56.25%; height: 100%;\"><iframe src=\"https:\/\/www.loom.com\/embed\/8d73c114fadf492aa1e12bdc56ae4caa?hide_owner=true&hide_share=true&hide_title=true&hideEmbedTopBar=true\" frameborder=\"0\" webkitallowfullscreen mozallowfullscreen allowfullscreen style=\"position: absolute; top: 0; left: 0; width: 100%; height: 100%;\"><\/iframe><\/div>\n<\/div><\/div><\/div><\/div><\/div><\/section>\n<\/div><\/div><\/div><div class=\"w-popup-closer\"><\/div><\/div><\/div><\/div><\/div><\/div><\/div><\/section><section class=\"l-section wpb_row height_large\" id=\"services\"><div class=\"l-section-h i-cf\"><div class=\"g-cols vc_row via_grid cols_custom laptops-cols_inherit tablets-cols_1 mobiles-cols_1 valign_top type_default stacking_default\" style=\"--columns-gap:4rem;--custom-columns:4fr 5fr\"><div class=\"wpb_column vc_column_container us_custom_a75036ab\"><div class=\"vc_column-inner\"><h2 class=\"w-text us_custom_eb849559\"><span class=\"w-text-h\"><span class=\"w-text-value\">Vous voulez essayer l&#039;auto-documentation ?<\/span><\/span><\/h2><div class=\"w-separator size_medium\"><\/div><div class=\"w-image us_custom_47474b22 us_animate_this align_center\"><div class=\"w-image-h\"><img decoding=\"async\" width=\"1200\" height=\"1200\" src=\"https:\/\/home.kronozio.com\/wp-content\/uploads\/2023\/03\/Kronozio-Card-Rookie-PACK-03-e1677721605169-1200x1200.png\" class=\"attachment-large size-large\" alt=\"\" loading=\"lazy\" srcset=\"https:\/\/home.kronozio.com\/wp-content\/uploads\/2023\/03\/Kronozio-Card-Rookie-PACK-03-e1677721605169.png 1200w, https:\/\/home.kronozio.com\/wp-content\/uploads\/2023\/03\/Kronozio-Card-Rookie-PACK-03-e1677721605169-500x500.png 500w, https:\/\/home.kronozio.com\/wp-content\/uploads\/2023\/03\/Kronozio-Card-Rookie-PACK-03-e1677721605169-150x150.png 150w\" sizes=\"auto, (max-width: 1200px) 100vw, 1200px\" \/><\/div><\/div><div class=\"w-btn-wrapper align_center\"><a class=\"w-btn us-btn-style_2\" href=\"#\"><span class=\"w-btn-label\">Essayez le pack pour d\u00e9butants !<\/span><\/a><\/div><\/div><\/div><div class=\"wpb_column vc_column_container\"><div class=\"vc_column-inner\"><h2 class=\"w-text us_custom_eb849559\"><span class=\"w-text-h\"><span class=\"w-text-value\">Kronocard peut<\/span><\/span><\/h2><div class=\"w-iconbox us_custom_b6355cd2 us_animate_this iconpos_left style_default color_custom align_left\"><div class=\"w-iconbox-icon\" style=\"font-size:3rem;--icon-color:#002E3D;\"><i class=\"far fa-scanner-image\"><\/i><\/div><div class=\"w-iconbox-meta\"><h3 class=\"w-iconbox-title\" style=\"font-size:calc(1vmax + 10px);\">Num\u00e9risation et recadrage automatique de plusieurs cartes<\/h3><div class=\"w-iconbox-text\"><p>Kronocard simplifie la num\u00e9risation et la documentation de votre collection de cartes. Il fonctionne avec les scanners \u00e0 plat et les scanners \u00e0 alimentation automatique, et poss\u00e8de une fonction avanc\u00e9e de recadrage automatique pour un traitement plus rapide.<\/p>\n<\/div><\/div><\/div><div class=\"w-separator us_custom_a518f36e us_animate_this size_medium with_line width_default thick_1 style_solid color_border align_center\"><div class=\"w-separator-h\"><\/div><\/div><div class=\"w-iconbox us_custom_b6355cd2 us_animate_this iconpos_left style_default color_custom align_left\"><div class=\"w-iconbox-icon\" style=\"font-size:3rem;--icon-color:#002E3D;\"><i class=\"far fa-lightbulb\"><\/i><\/div><div class=\"w-iconbox-meta\"><h3 class=\"w-iconbox-title\" style=\"font-size:calc(1vmax + 10px);\">Auto-Documentez vos cartes<\/h3><div class=\"w-iconbox-text\"><p>Avec Kronocard, vous pouvez facilement documenter vos cartes en utilisant notre mod\u00e8le propri\u00e9taire d&rsquo;intelligence artificielle. C&rsquo;est simple et efficace &#8211; notre technologie peut m\u00eame traiter des milliers de cartes par jour !<\/p>\n<\/div><\/div><\/div><div class=\"w-separator us_custom_827417b1 us_animate_this size_medium with_line width_default thick_1 style_solid color_border align_center\"><div class=\"w-separator-h\"><\/div><\/div><div class=\"w-iconbox us_custom_ca547909 us_animate_this iconpos_left style_default color_custom align_left\"><div class=\"w-iconbox-icon\" style=\"font-size:3rem;--icon-color:#002E3D;\"><i class=\"far fa-cloud-upload\"><\/i><\/div><div class=\"w-iconbox-meta\"><h3 class=\"w-iconbox-title\" style=\"font-size:calc(1vmax + 10px);\">Listez vos cartes sur Kronozio.com<\/h3><div class=\"w-iconbox-text\"><p>Vendez vos cartes en toute simplicit\u00e9 en les t\u00e9l\u00e9chargeant dans votre propre boutique sur Kronozio.com. Sans frais d&rsquo;inscription, il est facile de commencer. Et lorsque vous r\u00e9alisez une vente, nous ne prenons qu&rsquo;une petite commission de 10%.<\/p>\n<\/div><\/div><\/div><div class=\"w-separator us_custom_fe15326a us_animate_this size_medium with_line width_default thick_1 style_solid color_border align_center\"><div class=\"w-separator-h\"><\/div><\/div><div class=\"w-iconbox us_custom_575b987f us_animate_this iconpos_left style_default color_custom align_left\"><div class=\"w-iconbox-icon\" style=\"font-size:3rem;--icon-color:#002E3D;\"><i class=\"far fa-store\"><\/i><\/div><div class=\"w-iconbox-meta\"><h3 class=\"w-iconbox-title\" style=\"font-size:calc(1vmax + 10px);\">Mettez vos cartes en vente sur eBay<\/h3><div class=\"w-iconbox-text\"><p>Mettez vos cartes en vente sur eBay sans effort gr\u00e2ce au service d&rsquo;abonnement au connecteur eBay de Kronocard, en utilisant le m\u00eame logiciel que celui que vous utilisez pour num\u00e9riser et documenter votre collection.<\/p>\n<\/div><\/div><\/div><div class=\"w-separator us_custom_631ad31c us_animate_this size_medium with_line width_default thick_1 style_solid color_border align_center\"><div class=\"w-separator-h\"><\/div><\/div><div class=\"w-iconbox us_custom_329632bf us_animate_this iconpos_left style_default color_custom align_left\"><div class=\"w-iconbox-icon\" style=\"font-size:3rem;--icon-color:#002E3D;\"><i class=\"far fa-shipping-fast\"><\/i><\/div><div class=\"w-iconbox-meta\"><h3 class=\"w-iconbox-title\" style=\"font-size:calc(1vmax + 10px);\">Vous aide \u00e0 exp\u00e9dier vos cartes<\/h3><div class=\"w-iconbox-text\"><p>S&rsquo;il est important de r\u00e9pertorier et de vendre des cartes, il est tout aussi crucial de les exp\u00e9dier rapidement et efficacement. C&rsquo;est l\u00e0 que Kronocard Shipper entre en jeu !<\/p>\n<\/div><\/div><\/div><div class=\"w-separator size_medium\"><\/div><\/div><\/div><\/div><\/div><\/section><section class=\"l-section wpb_row height_large with_img\"><div class=\"l-section-img\" role=\"img\" data-img-width=\"3091\" data-img-height=\"1561\" style=\"background-image: url(https:\/\/home.kronozio.com\/wp-content\/uploads\/2023\/03\/KZCapture-2023-03-01_22-38-10.png);background-repeat: no-repeat;\"><\/div><div class=\"l-section-overlay\" style=\"background:rgba(0,95,115,0.30)\"><\/div><div class=\"l-section-h i-cf\"><div class=\"g-cols vc_row via_grid cols_2 laptops-cols_inherit tablets-cols_inherit mobiles-cols_1 valign_top type_default stacking_default\"><div class=\"wpb_column vc_column_container\"><div class=\"vc_column-inner\"><h2 class=\"w-text us_custom_aab9be5b has_text_color us_animate_this\"><span class=\"w-text-h\"><span class=\"w-text-value\">Nous travaillons<br \/>\nDans le monde entier<\/span><\/span><\/h2><\/div><\/div><\/div><\/div><\/section><section class=\"l-section wpb_row height_large\"><div class=\"l-section-h i-cf\"><div class=\"g-cols vc_row via_grid cols_custom laptops-cols_2 tablets-cols_1 mobiles-cols_1 valign_top type_default stacking_default\" style=\"--columns-gap:1.5rem;--custom-columns:3fr 4fr\"><div class=\"wpb_column vc_column_container\"><div class=\"vc_column-inner\"><h2 class=\"w-text\"><span class=\"w-text-h\"><span class=\"w-text-value\">Nos chiffres sont les plus \u00e9loquents<\/span><\/span><\/h2><div class=\"w-separator size_medium\"><\/div><div class=\"g-cols wpb_row via_grid cols_2-3 laptops-cols_2 tablets-cols_inherit mobiles-cols_1 valign_top type_default stacking_default\" style=\"--columns-gap:1.5rem;\"><div class=\"wpb_column vc_column_container\"><div class=\"vc_column-inner\"><div class=\"w-vwrapper us_custom_4a761093 has_text_color align_center valign_middle\"><div class=\"w-counter us_custom_d9dbd770 has_text_color color_custom align_center has_font_size\" data-duration=\"2\"><div class=\"w-counter-value\"><span class=\"w-counter-value-part type_text\" data-final=\"+\">+<\/span><span class=\"w-counter-value-part type_number\" data-final=\"175\">1<\/span><span class=\"w-counter-value-part type_text\" data-final=\"\"><\/span><\/div><div class=\"w-counter-title\">nouveaux utilisateurs par mois<\/div><\/div><\/div><\/div><\/div><div class=\"wpb_column vc_column_container\"><div class=\"vc_column-inner\"><div class=\"w-vwrapper us_custom_4a373da7 align_center valign_middle\"><div class=\"w-counter us_custom_c82c3d60 has_text_color color_custom align_center has_font_size\" data-duration=\"2\"><div class=\"w-counter-value\"><span class=\"w-counter-value-part type_text\" data-final=\"+\">+<\/span><span class=\"w-counter-value-part type_number\" data-final=\"15,000\">1<\/span><span class=\"w-counter-value-part type_text\" data-final=\"\"><\/span><\/div><div class=\"w-counter-title\">utilisateurs sur notre plateforme<\/div><\/div><\/div><\/div><\/div><\/div><\/div><\/div><div class=\"wpb_column vc_column_container\"><div class=\"vc_column-inner\"><div class=\"g-cols wpb_row via_grid cols_3-2 laptops-cols_2 tablets-cols_inherit mobiles-cols_1 valign_top type_default stacking_default\" style=\"--columns-gap:1.5rem;\"><div class=\"wpb_column vc_column_container us_custom_58838b8a\"><div class=\"vc_column-inner\"><div class=\"w-vwrapper us_custom_4f383f15 align_center valign_middle\"><div class=\"w-counter us_custom_2fee7a0e has_text_color color_custom align_center has_font_size\" data-duration=\"2\"><div class=\"w-counter-value\" style=\"color:var(--color-content-heading);\"><span class=\"w-counter-value-part type_text\" data-final=\"\"><\/span><span class=\"w-counter-value-part type_number\" data-final=\"530,000\">0<\/span><span class=\"w-counter-value-part type_text\" data-final=\"\"><\/span><\/div><div class=\"w-counter-title\">cartes document\u00e9es par mois par notre mod\u00e8le d&#039;IA<\/div><\/div><\/div><\/div><\/div><div class=\"wpb_column vc_column_container\"><div class=\"vc_column-inner\"><div class=\"w-vwrapper us_custom_c01aeb2b align_center valign_middle\"><div class=\"w-counter us_custom_c6400476 has_text_color color_custom align_center has_font_size\" data-duration=\"2\"><div class=\"w-counter-value\"><span class=\"w-counter-value-part type_text\" data-final=\"\"><\/span><span class=\"w-counter-value-part type_number\" data-final=\"8\">0<\/span><span class=\"w-counter-value-part type_text\" data-final=\" ans\"> ans<\/span><\/div><div class=\"w-counter-title\">d&#039;une exp\u00e9rience r\u00e9ussie dans l&#039;aide aux collectionneurs<\/div><\/div><\/div><\/div><\/div><\/div><\/div><\/div><\/div><\/div><\/section><section class=\"l-section wpb_row height_large\"><div class=\"l-section-overlay\" style=\"background:var(--color-content-bg-alt)\"><\/div><div class=\"l-section-h i-cf\"><div class=\"g-cols vc_row via_grid cols_1 laptops-cols_inherit tablets-cols_inherit mobiles-cols_1 valign_top type_default stacking_default\"><div class=\"wpb_column vc_column_container\"><div class=\"vc_column-inner\"><h2 class=\"w-text us_custom_eb849559\"><span class=\"w-text-h\"><span class=\"w-text-value\">Ce que disent les gens<\/span><\/span><\/h2><div class=\"w-separator size_medium\"><\/div><div class=\"w-grid us_custom_e2aee182 type_grid layout_727 hidden cols_3 with_css_animation\" id=\"us_grid_1\" style=\"--columns:3;--gap:0.8rem;\" data-filterable=\"true\"><style>@media (max-width:1024px){#us_grid_1{--columns:2!important}}@media (max-width:600px){#us_grid_1{--columns:1!important}}.layout_727 .w-grid-item-h{}.layout_727 .usg_vwrapper_3{transition-duration:0.3s;transform-origin:50% 50%;transform:scale(1) translate(0%,0%)}.layout_727 .w-grid-item-h:hover .usg_vwrapper_3{transform:scale(1) translate(0px,-10px);opacity:1;background:var(--color-header-middle-bg)!important}.layout_727 .usg_vwrapper_3{border-radius:0.3rem!important;padding:2rem!important;border:1px solid var(--color-content-border)!important}.layout_727 .usg_hwrapper_2{margin-top:20px!important}.layout_727 .usg_post_image_2{width:4rem!important;margin-left:0!important;margin-right:1rem!important}.layout_727 .usg_vwrapper_4{margin-top:10px!important}.layout_727 .usg_post_custom_field_3{font-size:calc( 10px + 0.5vmax );!important;margin-bottom:0!important}<\/style><div class=\"w-grid-list\"><\/div><div class=\"w-grid-preloader\">\t<div class=\"g-preloader type_1\">\r\n\t\t<div><\/div>\r\n\t<\/div>\r\n\t<\/div>\t<div class=\"w-grid-json hidden\" onclick='return {&quot;action&quot;:&quot;us_ajax_grid&quot;,&quot;infinite_scroll&quot;:0,&quot;max_num_pages&quot;:0,&quot;pagination&quot;:&quot;none&quot;,&quot;template_vars&quot;:{&quot;columns&quot;:&quot;3&quot;,&quot;exclude_items&quot;:&quot;none&quot;,&quot;img_size&quot;:&quot;default&quot;,&quot;ignore_items_size&quot;:&quot;1&quot;,&quot;items_layout&quot;:&quot;727&quot;,&quot;items_offset&quot;:&quot;1&quot;,&quot;load_animation&quot;:&quot;afb&quot;,&quot;overriding_link&quot;:&quot;{\\&quot;url\\&quot;:\\&quot;\\&quot;}&quot;,&quot;post_id&quot;:0,&quot;query_args&quot;:{&quot;post_type&quot;:[&quot;us_testimonial&quot;],&quot;post_status&quot;:[&quot;publish&quot;,&quot;refunded&quot;,&quot;failed&quot;,&quot;revoked&quot;,&quot;cancelled&quot;,&quot;abandoned&quot;,&quot;processing&quot;,&quot;preapproval&quot;],&quot;posts_per_page&quot;:&quot;3&quot;},&quot;orderby_query_args&quot;:{&quot;orderby&quot;:{&quot;date&quot;:&quot;DESC&quot;}},&quot;type&quot;:&quot;grid&quot;,&quot;us_grid_post_type&quot;:&quot;us_testimonial&quot;,&quot;us_grid_ajax_index&quot;:1,&quot;us_grid_filter_query_string&quot;:null,&quot;us_grid_index&quot;:1,&quot;page_args&quot;:[],&quot;lang&quot;:&quot;fr&quot;}}'><\/div>\r\n\t<\/div><div class=\"w-grid-none type_message\">Aucun r\u00e9sultat.<\/div><\/div><\/div><\/div><\/div><\/section><section class=\"l-section wpb_row height_large\"><div class=\"l-section-h i-cf\"><div class=\"g-cols vc_row via_grid cols_1 laptops-cols_inherit tablets-cols_inherit mobiles-cols_1 valign_top type_default stacking_default\"><div class=\"wpb_column vc_column_container\"><div class=\"vc_column-inner\"><div class=\"w-vwrapper us_custom_db98bc72 align_center valign_top\" style=\"--vwrapper-gap:0rem\"><div class=\"w-text us_custom_0259209c has_text_color\"><span class=\"w-text-h\"><span class=\"w-text-value\">PREMIER MOD\u00c8LE AI AU MONDE<\/span><\/span><\/div><div class=\"w-text us_custom_2a255bf0 has_text_color\"><span class=\"w-text-h\"><span class=\"w-text-value\">POUR LA COLLECTE DE CARTES<\/span><\/span><\/div><\/div><\/div><\/div><\/div><\/div><\/section><section class=\"l-section wpb_row height_large color_footer-bottom\"><div class=\"l-section-h i-cf\"><div class=\"g-cols vc_row via_grid cols_1 laptops-cols_inherit tablets-cols_inherit mobiles-cols_1 valign_top type_default stacking_default\"><div class=\"wpb_column vc_column_container\"><div class=\"vc_column-inner\"><h2 class=\"w-text us_custom_eb849559\"><span class=\"w-text-h\"><span class=\"w-text-value\">N&#039;h\u00e9sitez pas \u00e0 nous contacter !<\/span><\/span><\/h2><div class=\"w-btn-wrapper align_center\"><a class=\"w-btn us-btn-style_4\" href=\"\/contact\/\"><span class=\"w-btn-label\">Contactez notre \u00e9quipe<\/span><\/a><\/div><\/div><\/div><\/div><\/div><\/section>\n","protected":false},"excerpt":{"rendered":"","protected":false},"author":1,"featured_media":0,"parent":0,"menu_order":0,"comment_status":"closed","ping_status":"closed","template":"","meta":{"give_campaign_id":0,"om_disable_all_campaigns":false,"_monsterinsights_skip_tracking":false,"_monsterinsights_sitenote_active":false,"_monsterinsights_sitenote_note":"","_monsterinsights_sitenote_category":0,"_uf_show_specific_survey":0,"_uf_disable_surveys":false,"footnotes":""},"class_list":["post-3574","page","type-page","status-publish","hentry"],"aioseo_notices":[],"campaignId":"","_links":{"self":[{"href":"https:\/\/home.kronozio.com\/fr\/wp-json\/wp\/v2\/pages\/3574","targetHints":{"allow":["GET"]}}],"collection":[{"href":"https:\/\/home.kronozio.com\/fr\/wp-json\/wp\/v2\/pages"}],"about":[{"href":"https:\/\/home.kronozio.com\/fr\/wp-json\/wp\/v2\/types\/page"}],"author":[{"embeddable":true,"href":"https:\/\/home.kronozio.com\/fr\/wp-json\/wp\/v2\/users\/1"}],"replies":[{"embeddable":true,"href":"https:\/\/home.kronozio.com\/fr\/wp-json\/wp\/v2\/comments?post=3574"}],"version-history":[{"count":16,"href":"https:\/\/home.kronozio.com\/fr\/wp-json\/wp\/v2\/pages\/3574\/revisions"}],"predecessor-version":[{"id":3594,"href":"https:\/\/home.kronozio.com\/fr\/wp-json\/wp\/v2\/pages\/3574\/revisions\/3594"}],"wp:attachment":[{"href":"https:\/\/home.kronozio.com\/fr\/wp-json\/wp\/v2\/media?parent=3574"}],"curies":[{"name":"wp","href":"https:\/\/api.w.org\/{rel}","templated":true}]}}