{"id":3583,"date":"2023-03-02T01:50:37","date_gmt":"2023-03-02T06:50:37","guid":{"rendered":"https:\/\/home.kronozio.com\/difd-la-fondation-royale-dottawa-pour-la-sante-mentale\/"},"modified":"2023-03-07T19:06:31","modified_gmt":"2023-03-08T00:06:31","slug":"difd-la-fondation-royale-dottawa-pour-la-sante-mentale","status":"publish","type":"page","link":"https:\/\/home.kronozio.com\/fr\/difd-la-fondation-royale-dottawa-pour-la-sante-mentale\/","title":{"rendered":"DIFD La Fondation Le Royale d&rsquo;Ottawa pour la sant\u00e9 mentale"},"content":{"rendered":"<section class=\"l-section wpb_row height_huge color_secondary with_img\"><div class=\"l-section-img\" role=\"img\" data-img-width=\"3160\" data-img-height=\"3504\" style=\"background-image: url(https:\/\/home.kronozio.com\/wp-content\/uploads\/2023\/03\/KZCapture-2023-02-14_16-01-21.png);background-repeat: no-repeat;\"><\/div><div class=\"l-section-overlay\" style=\"background:linear-gradient(90deg,#000,rgba(0,0,0,0.00))\"><\/div><div class=\"l-section-h i-cf\"><div class=\"g-cols vc_row via_grid cols_1 laptops-cols_inherit tablets-cols_inherit mobiles-cols_1 valign_top type_default reversed stacking_default\" style=\"--columns-gap:0rem;\"><div class=\"wpb_column vc_column_container us_custom_fd43344c\"><div class=\"vc_column-inner\"><h1 class=\"w-text us_custom_d326d3a4\"><span class=\"w-text-h\"><span class=\"w-text-value\">Transformer la sant\u00e9 mentale des jeunes<\/span><\/span><\/h1><div class=\"w-text us_custom_863558ef has_text_color\"><span class=\"w-text-h\"><span class=\"w-text-value\">Conversations inspirantes. Sensibilisation.<\/span><\/span><\/div><div class=\"w-separator size_small\"><\/div><div class=\"w-btn-wrapper align_none\"><a class=\"w-btn us-btn-style_11\" href=\"#donate-form\"><span class=\"w-btn-label\">Faire un don<\/span><\/a><\/div><\/div><\/div><\/div><\/div><\/section><section class=\"l-section wpb_row height_large width_custom\" style=\"--site-content-width:800px;\"><div class=\"l-section-h i-cf\"><div class=\"g-cols vc_row via_grid cols_1 laptops-cols_inherit tablets-cols_inherit mobiles-cols_1 valign_top type_default stacking_default\"><div class=\"wpb_column vc_column_container\"><div class=\"vc_column-inner\"><div class=\"wpb_text_column\"><div class=\"wpb_wrapper\"><h2 style=\"text-align: center;\">Besoin de parler ?<\/h2>\n<\/div><\/div><div class=\"w-separator size_medium\"><\/div><div class=\"w-tabs style_default switch_click accordion type_togglable has_scrolling remove_indents\" style=\"--sections-title-size:1.5rem\"><div class=\"w-tabs-sections titles-align_none icon_chevron cpos_right\"><div class=\"w-tabs-section\" id=\"z1e0\"><button class=\"w-tabs-section-header\" aria-controls=\"content-z1e0\" aria-expanded=\"false\"><h4 class=\"w-tabs-section-title\">Crisis Text Lines<\/h4><div class=\"w-tabs-section-control\"><\/div><\/button><div  class=\"w-tabs-section-content us_custom_b4198c51\" id=\"content-z1e0\"><div class=\"w-tabs-section-content-h i-cf\"><div class=\"wpb_text_column\"><div class=\"wpb_wrapper\"><p class=\"\"><strong>Adultes au Canada :<br \/>\n<\/strong>Texte <a href=\"sms:741741\"><strong>HOME<\/strong><\/a> \u00e0 <a href=\"sms:741741\"><strong>741741<\/strong><\/a><\/p>\n<p class=\"\"><strong>Les jeunes au Canada :<br \/>\n<\/strong>Texte <a href=\"sms:686868\"><strong>CONNECT<\/strong><\/a> \u00e0 <a href=\"sms:686868\"><strong>686868<\/strong><\/a><\/p>\n<p class=\"\"><strong>\u00c9tats-Unis :<br \/>\n<\/strong>Texte <a href=\"sms:741741\"><strong>HOME<\/strong><\/a> \u00e0 <a href=\"sms:741741\"><strong>741741<\/strong><\/a><\/p>\n<\/div><\/div><\/div><\/div><\/div><div class=\"w-tabs-section\" id=\"o502\"><button class=\"w-tabs-section-header\" aria-controls=\"content-o502\" aria-expanded=\"false\"><h4 class=\"w-tabs-section-title\">Crisis Phone Lines<\/h4><div class=\"w-tabs-section-control\"><\/div><\/button><div  class=\"w-tabs-section-content us_custom_b4198c51\" id=\"content-o502\"><div class=\"w-tabs-section-content-h i-cf\"><div class=\"wpb_text_column\"><div class=\"wpb_wrapper\"><p class=\"\"><strong>Adultes au Canada :<br \/>\n<\/strong>Appelez <a href=\"tel:+18665850445\"><strong>1-866-585-0445<\/strong><\/a><strong><br \/>\n<\/strong><a href=\"https:\/\/www.wellnesstogether.ca\/en-CA\/service\/talk\"><em>Ensemble pour le bien-\u00eatre<\/em><\/a><em><br \/>\n<\/em><\/p>\n<p class=\"\"><strong>Les jeunes au Canada :<br \/>\n<\/strong>Appel <a href=\"tel:+18006686868\"><br \/>\n  <strong>1-800-668-6868<\/strong><br \/>\n<\/a><strong><\/p>\n<p><\/strong><a href=\"https:\/\/kidshelpphone.ca\/urgent-help\"><br \/>\n  <em>Jeunesse, J&rsquo;\u00e9coute<\/em><br \/>\n<\/a><em><br \/>\n<\/em><\/p>\n<p class=\"\"><strong>\u00c9tats-Unis :<br \/>\n<\/strong>Appel <a href=\"tel:988\"><br \/>\n  <strong>988<\/strong><br \/>\n<\/a><strong><\/p>\n<p><\/strong><a href=\"https:\/\/988lifeline.org\/talk-to-someone-now\/\"><br \/>\n  <em>Suicide &amp; Crisis Lifeline<\/em><br \/>\n<\/a><\/p>\n<\/div><\/div><\/div><\/div><\/div><div class=\"w-tabs-section\" id=\"b6e1\"><button class=\"w-tabs-section-header\" aria-controls=\"content-b6e1\" aria-expanded=\"false\"><h4 class=\"w-tabs-section-title\">Family Peer Support:<\/h4><div class=\"w-tabs-section-control\"><\/div><\/button><div  class=\"w-tabs-section-content us_custom_b4198c51\" id=\"content-b6e1\"><div class=\"w-tabs-section-content-h i-cf\"><div class=\"wpb_text_column\"><div class=\"wpb_wrapper\"><p class=\"\"><strong>PLEO<\/strong> (Parents Lifelines of Eastern Ontario) est un organisme sans but lucratif de soutien par les pairs pour les parents dont les enfants (jusqu&rsquo;\u00e0 25 ans) sont confront\u00e9s \u00e0 des probl\u00e8mes de sant\u00e9 mentale. PLEO fournit un soutien par le biais de sa ligne d&rsquo;assistance t\u00e9l\u00e9phonique pour les parents, de ses groupes de soutien aux parents et d&rsquo;un soutien individuel mobile.<\/p>\n<p class=\"\"><a href=\"https:\/\/www.pleo.on.ca\/\"><strong><em>Site web de PLEO<\/em><\/strong><\/a><\/p>\n<\/div><\/div><\/div><\/div><\/div><div class=\"w-tabs-section\" id=\"f8a0\"><button class=\"w-tabs-section-header\" aria-controls=\"content-f8a0\" aria-expanded=\"false\"><h4 class=\"w-tabs-section-title\">Accessing Services<\/h4><div class=\"w-tabs-section-control\"><\/div><\/button><div  class=\"w-tabs-section-content us_custom_b4198c51\" id=\"content-f8a0\"><div class=\"w-tabs-section-content-h i-cf\"><div class=\"wpb_text_column\"><div class=\"wpb_wrapper\"><p class=\"\"><strong>AccessMHA<\/strong> est un service coordonn\u00e9 au niveau r\u00e9gional qui aide les personnes de l&rsquo;est de l&rsquo;Ontario \u00e0 trouver des services pour les probl\u00e8mes de sant\u00e9 mentale et de toxicomanie, tout en vous soutenant tout au long du processus. AccessMHA peut \u00e9galement vous mettre en relation avec une personne ayant une exp\u00e9rience v\u00e9cue pour vous aider \u00e0 mieux comprendre le processus et vous recommander d&rsquo;autres services par les pairs.<\/p>\n<p class=\"\"><a href=\"https:\/\/www.accessmha.ca\/\"><strong><em>Site Web d&rsquo;AccessMHA<\/em><\/strong><\/a><\/p>\n<\/div><\/div><\/div><\/div><\/div><\/div><\/div><div class=\"w-btn-wrapper align_center\"><a class=\"w-btn us-btn-style_11\" href=\"#donate-form\"><span class=\"w-btn-label\">Faire un don<\/span><\/a><\/div><\/div><\/div><\/div><\/div><\/section><section class=\"l-section wpb_row height_huge\"><div class=\"l-section-h i-cf\"><div class=\"g-cols vc_row via_grid cols_2 laptops-cols_inherit tablets-cols_inherit mobiles-cols_1 valign_top type_default stacking_default\"><div class=\"wpb_column vc_column_container\"><div class=\"vc_column-inner\"><h2 class=\"w-text\"><span class=\"w-text-h\"><span class=\"w-text-value\">Pourquoi l&#039;engagement de Kronozio pour la cause du DIFD ?<\/span><\/span><\/h2><div class=\"w-image align_left\"><div class=\"w-image-h\"><img decoding=\"async\" width=\"500\" height=\"246\" src=\"https:\/\/home.kronozio.com\/wp-content\/uploads\/2023\/03\/kz-difd-logo-1-500x246.png\" class=\"attachment-medium size-medium\" alt=\"\" loading=\"lazy\" srcset=\"https:\/\/home.kronozio.com\/wp-content\/uploads\/2023\/03\/kz-difd-logo-1-500x246.png 500w, https:\/\/home.kronozio.com\/wp-content\/uploads\/2023\/03\/kz-difd-logo-1-1200x590.png 1200w, https:\/\/home.kronozio.com\/wp-content\/uploads\/2023\/03\/kz-difd-logo-1-250x123.png 250w, https:\/\/home.kronozio.com\/wp-content\/uploads\/2023\/03\/kz-difd-logo-1-600x295.png 600w, https:\/\/home.kronozio.com\/wp-content\/uploads\/2023\/03\/kz-difd-logo-1.png 1500w\" sizes=\"auto, (max-width: 500px) 100vw, 500px\" \/><\/div><\/div><\/div><\/div><div class=\"wpb_column vc_column_container\"><div class=\"vc_column-inner\"><div class=\"wpb_text_column us_custom_db9780a4\"><div class=\"wpb_wrapper\"><p><strong>Partenariat<\/strong><br \/>\nJe voulais partager avec vous la raison pour laquelle notre entreprise, Kronozio, a d\u00e9cid\u00e9 de participer \u00e0 la collecte de fonds pour la cause Do It For Daron (DIFD) \u00e0 la Fondation Royal Ottawa pour la sant\u00e9 mentale.<\/p>\n<p><strong>Mission<\/strong><br \/>\nLa cause DIFD soutient des initiatives d&rsquo;\u00e9ducation, de sensibilisation et de recherche qui encouragent les jeunes \u00e0 parler ouvertement de la maladie mentale et \u00e0 demander de l&rsquo;aide si n\u00e9cessaire. Il a \u00e9t\u00e9 inspir\u00e9 par l&rsquo;histoire tragique de Daron Richardson, une adolescente de 14 ans qui s&rsquo;est suicid\u00e9 en 2010. Les parents de Daron, Luke et Stephanie Richardson, ont transform\u00e9 leur douleur en un appel \u00e0 l&rsquo;action pour soutenir les jeunes qui luttent contre la maladie mentale. Ce mouvement populaire vise \u00e0 sensibiliser, \u00e0 inspirer des conversations et \u00e0 transformer la sant\u00e9 mentale des jeunes.<\/p>\n<p><strong>Connexion<\/strong><br \/>\nEn tant que cofondateurs et parents d&rsquo;adolescents nous-m\u00eames, Jonathan et moi avons \u00e9t\u00e9 touch\u00e9s par l&rsquo;histoire de Daron et la mission de la cause du DIFD. Nous pensons que la sant\u00e9 mentale est tout aussi importante que la sant\u00e9 physique, et nous voulons soutenir les efforts de sensibilisation et d&rsquo;aide aux personnes en difficult\u00e9. Nous savions que nous devions participer \u00e0 cette cause et contribuer aux efforts de nombreuses autres personnes pour collecter des fonds et informer les gens sur cette terrible r\u00e9alit\u00e9.<\/p>\n<p><strong>Contribution<\/strong><br \/>\nGr\u00e2ce \u00e0 l&rsquo;aide de g\u00e9n\u00e9reuses entreprises partenaires et d&rsquo;\u00e9v\u00e9nements communautaires, le DIFD collecte chaque ann\u00e9e des milliers de dollars pour soutenir la recherche et l&rsquo;\u00e9ducation sur la sant\u00e9 mentale des jeunes men\u00e9es par The Royal. Nous sommes fiers de participer \u00e0 cet effort et esp\u00e9rons que notre contribution pourra faire la diff\u00e9rence dans la vie des jeunes qui en ont le plus besoin.<\/p>\n<p><strong>Sensibilisation<\/strong><br \/>\nLa vie est fragile, et les probl\u00e8mes de sant\u00e9 mentale peuvent \u00eatre particuli\u00e8rement difficiles pour les adolescents. Nous voulons faire notre part pour soutenir la cause et promouvoir la sensibilisation et le soutien de ceux qui luttent. Nous vous remercions d&rsquo;avoir \u00e9cout\u00e9 notre histoire et nous esp\u00e9rons que vous vous joindrez \u00e0 nous pour soutenir la cause de Do It For Daron.<\/p>\n<\/div><\/div><\/div><\/div><\/div><\/div><\/section><section class=\"l-section wpb_row height_large\"><div class=\"l-section-overlay\" style=\"background:var(--color-subfooter-heading)\"><\/div><div class=\"l-section-h i-cf\"><div class=\"g-cols vc_row via_grid cols_1 laptops-cols_inherit tablets-cols_inherit mobiles-cols_1 valign_top type_default stacking_default\"><div class=\"wpb_column vc_column_container\"><div class=\"vc_column-inner\"><h1 class=\"w-text\"><span class=\"w-text-h\"><span class=\"w-text-value\">Notre conversation avec Luke et Stephanie Richardson (anglais)<\/span><\/span><\/h1><div class=\"w-video align_none ratio_16x9 has_iframe\"><div class=\"w-video-h\"><iframe title=\"Youtube video player\" src=\"\/\/www.youtube.com\/embed\/l0w0Mkhml7I?autoplay=0&controls=0&origin=https:\/\/home.kronozio.com\/fr\/&loop=0&mute=0\" allowfullscreen=\"1\" loading=\"lazy\"><\/iframe><\/div><div class=\"w-video-icon\" style=\"font-size:1.5rem;background:rgba(0,0,0,0.5);color:#fff\"><\/div><\/div><div class=\"w-btn-wrapper align_center\"><a class=\"w-btn us-btn-style_11\" href=\"#donate-form\"><span class=\"w-btn-label\">Faire un don<\/span><\/a><\/div><\/div><\/div><\/div><\/div><\/section><section class=\"l-section wpb_row height_large width_custom\" style=\"--site-content-width:900px;\"><div class=\"l-section-h i-cf\"><div class=\"g-cols vc_row via_grid cols_1 laptops-cols_inherit tablets-cols_inherit mobiles-cols_1 valign_middle type_default stacking_default\"><div class=\"wpb_column vc_column_container us_custom_303040a4 has_text_color has_bg_color\"><div class=\"vc_column-inner\"><div class=\"wpb_text_column us_custom_0b8d3314\"><div class=\"wpb_wrapper\"><h2 style=\"text-align: center;\">Faites la diff\u00e9rence avec chaque achat !<\/h2>\n<\/div><\/div><div class=\"w-separator size_small\"><\/div><div class=\"wpb_text_column us_custom_72d531f0\"><div class=\"wpb_wrapper\"><p style=\"text-align: center;\">Pour soutenir notre engagement en mati\u00e8re de responsabilit\u00e9 sociale, Kronozio s&rsquo;est engag\u00e9 \u00e0 reverser un pourcentage des ventes g\u00e9n\u00e9r\u00e9es par cette page de renvoi. Pour chaque nouvel utilisateur qui s&rsquo;abonne \u00e0 l&rsquo;un de nos produits par le biais de cette page de renvoi, nous verserons une partie de la vente \u00e0 la fondation. Cela inclut tout revenu r\u00e9current g\u00e9n\u00e9r\u00e9 par cette vente. Nous pensons qu&rsquo;il s&rsquo;agit d&rsquo;une mani\u00e8re significative de redonner \u00e0 notre communaut\u00e9 et d&rsquo;avoir un impact positif ensemble.<\/p>\n<\/div><\/div><div class=\"w-separator size_small\"><\/div><div class=\"w-btn-wrapper align_center\"><a class=\"w-btn us-btn-style_2 us_custom_b4198c51\" href=\"https:\/\/kronocard.com\/?ref=difd-kz-landing-page&amp;affiliate=difd\"><span class=\"w-btn-label\">Jetez un coup d&#039;\u0153il \u00e0 la page produit ici<\/span><\/a><\/div><\/div><\/div><\/div><\/div><\/section><section class=\"l-section wpb_row height_large width_custom\" style=\"--site-content-width:880px;\"><div class=\"l-section-overlay\" style=\"background:var(--color-content-bg-alt)\"><\/div><div class=\"l-section-h i-cf\"><div class=\"g-cols vc_row via_grid cols_1 laptops-cols_inherit tablets-cols_inherit mobiles-cols_1 valign_top type_default stacking_default\" style=\"--columns-gap:0rem;\"><div class=\"wpb_column vc_column_container\"><div class=\"vc_column-inner\"><h2 class=\"w-text us_custom_eb849559\"><span class=\"w-text-h\"><span class=\"w-text-value\">Faites-le pour Daron : Comment vous pouvez soutenir la sant\u00e9 mentale des jeunes et faire la diff\u00e9rence<\/span><\/span><\/h2><div class=\"w-separator size_small\"><\/div><div class=\"w-separator size_large\"><\/div><div class=\"w-iconbox us_custom_698f55d4 iconpos_left style_circle color_custom align_none\"><div class=\"w-iconbox-icon\" style=\"font-size:2rem;--icon-color:#FFF6E8;--icon-bg-color:#6F2A8E;\"><i class=\"fal fa-hands-usd\"><\/i><\/div><div class=\"w-iconbox-meta\"><h5 class=\"w-iconbox-title\">Faites la diff\u00e9rence : Faites un don \u00e0 la cause du DIFD et soutenez la sant\u00e9 mentale des jeunes<\/h5><div class=\"w-iconbox-text\"><p><strong>Faites un don :<\/strong> Vous pouvez faire un don \u00e0 la Fondation Royal Ottawa pour la sant\u00e9 mentale afin de soutenir la cause du DIFD. Votre contribution peut aider \u00e0 financer des initiatives de recherche et d&rsquo;\u00e9ducation qui favorisent la sensibilisation \u00e0 la sant\u00e9 mentale et le soutien aux jeunes.<\/p>\n<\/div><\/div><\/div><div class=\"w-separator size_large\"><\/div><div class=\"w-iconbox us_custom_698f55d4 iconpos_left style_circle color_custom align_none\"><div class=\"w-iconbox-icon\" style=\"font-size:2rem;--icon-color:#FFF6E8;--icon-bg-color:#6F2A8E;\"><i class=\"fal fa-calendar-alt\"><\/i><\/div><div class=\"w-iconbox-meta\"><h5 class=\"w-iconbox-title\">Sensibilisez l&#039;opinion publique : Assister ou accueillir un \u00e9v\u00e9nement pour la cause du DIFD<\/h5><div class=\"w-iconbox-text\"><p><strong>Participez ou organisez un \u00e9v\u00e9nement :<\/strong> Vous pouvez participer \u00e0 un \u00e9v\u00e9nement ou en organiser un afin de sensibiliser le public et de collecter des fonds pour la cause. Il peut s&rsquo;agir d&rsquo;une marche, d&rsquo;une course ou d&rsquo;une autre activit\u00e9 physique, d&rsquo;un concert ou d&rsquo;une vente aux ench\u00e8res de bienfaisance, ou encore d&rsquo;une campagne de sensibilisation sur les m\u00e9dias sociaux.<\/p>\n<\/div><\/div><\/div><div class=\"w-separator size_large\"><\/div><div class=\"w-iconbox us_custom_698f55d4 iconpos_left style_circle color_custom align_none\"><div class=\"w-iconbox-icon\" style=\"font-size:2rem;--icon-color:#FFF6E8;--icon-bg-color:#6F2A8E;\"><i class=\"fal fa-hands-helping\"><\/i><\/div><div class=\"w-iconbox-meta\"><h5 class=\"w-iconbox-title\">Comment s&#039;impliquer : Devenir volontaire pour le DIFD<\/h5><div class=\"w-iconbox-text\"><p><strong>B\u00e9n\u00e9volat :<\/strong> Vous pouvez offrir votre temps et vos comp\u00e9tences pour soutenir la cause du DIFD. Il peut s&rsquo;agir d&rsquo;une participation b\u00e9n\u00e9vole \u00e0 un \u00e9v\u00e9nement, d&rsquo;une aide \u00e0 la collecte de fonds ou aux efforts de sensibilisation, ou du partage de votre histoire personnelle pour contribuer \u00e0 la sensibilisation.<\/p>\n<\/div><\/div><\/div><div class=\"w-separator size_large\"><\/div><div class=\"w-iconbox us_custom_698f55d4 iconpos_left style_circle color_custom align_none\"><div class=\"w-iconbox-icon\" style=\"font-size:2rem;--icon-color:#FFF6E8;--icon-bg-color:#6F2A8E;\"><i class=\"fal fa-megaphone\"><\/i><\/div><div class=\"w-iconbox-meta\"><h5 class=\"w-iconbox-title\">Soyez un d\u00e9fenseur : Exprimez-vous pour la sant\u00e9 mentale des jeunes et militez pour le changement<\/h5><div class=\"w-iconbox-text\"><p><strong>D\u00e9fendre les int\u00e9r\u00eats :<\/strong> Vous pouvez plaider en faveur de la sensibilisation et du soutien \u00e0 la sant\u00e9 mentale en partageant des informations et des ressources avec votre communaut\u00e9, en contactant vos \u00e9lus pour demander des changements de politique ou en utilisant les m\u00e9dias sociaux pour faire passer le message.<\/p>\n<\/div><\/div><\/div><div class=\"w-separator size_large\"><\/div><div class=\"w-iconbox us_custom_698f55d4 iconpos_left style_circle color_custom align_none\"><div class=\"w-iconbox-icon\" style=\"font-size:2rem;--icon-color:#FFF6E8;--icon-bg-color:#6F2A8E;\"><i class=\"fal fa-chalkboard-teacher\"><\/i><\/div><div class=\"w-iconbox-meta\"><h5 class=\"w-iconbox-title\">Apprendre et soutenir : S&#039;informer et informer les autres sur la sant\u00e9 mentale pour r\u00e9duire la stigmatisation et promouvoir le soutien.<\/h5><div class=\"w-iconbox-text\"><p><strong>Apprenez :<\/strong> Vous pouvez vous informer et informer les autres sur la sant\u00e9 mentale en lisant des livres, en assistant \u00e0 des webinaires ou \u00e0 des conf\u00e9rences, ou en recherchant des ressources et des services de soutien en mati\u00e8re de sant\u00e9 mentale dans votre communaut\u00e9. En vous renseignant sur la sant\u00e9 mentale, vous pouvez contribuer \u00e0 r\u00e9duire la stigmatisation et \u00e0 promouvoir le soutien aux personnes en difficult\u00e9.<\/p>\n<\/div><\/div><\/div><\/div><\/div><\/div><\/div><\/section><section class=\"l-section wpb_row height_large color_primary\" id=\"#donation\"><div class=\"l-section-overlay\" style=\"background:var(--color-alt-content-bg)\"><\/div><div class=\"l-section-h i-cf\"><div class=\"g-cols vc_row via_grid cols_1 laptops-cols_inherit tablets-cols_inherit mobiles-cols_1 valign_top type_default stacking_default\"><div class=\"wpb_column vc_column_container\" id=\"donate-form\"><div class=\"vc_column-inner\"><div class=\"w-html\"><div class=\"give-embed-form-wrapper\" id=\"give-69e194ab462f8\"><iframe\n\t\t\t\tname=\"give-embed-form\"\n\t\t\t\tsrc=\"https:\/\/home.kronozio.com\/fr\/give-difd\/difd-cause-2\/?giveDonationFormInIframe=1\"\n\t\t\t\t\n\t\t\t\tdata-autoScroll=\"0\"\n\t\t\t\tonload=\"if( 'undefined' !== typeof Give ) { Give.initializeIframeResize(this) }\"\n\t\t\t\tstyle=\"border: 0;visibility: hidden;min-height: 721px;\"><\/iframe><div class=\"iframe-loader\">\n<div style=\"\n\t\theight: calc(100% - 28px);\n\t\twidth: calc(100% - 20px);\n\t\tmax-width: 552px;\n\t\tmargin: 10px auto 10px auto;\n\t\tbackground: transparent;\n\t\tborder-radius: 6px;\n\t\tdisplay: flex;\n\t\talign-items: center;\n\t\tjustify-content: center;\n\t\">\n    <div style=\"\n        pointer-events: none;\n        height: 90px;\n        width: 90px;\n        background-image: url(&quot;data:image\/svg+xml;charset=utf8,%3C?xml version='1.0' encoding='utf-8'?%3E%3C!-- Generator: Adobe Illustrator 24.1.0, SVG Export Plug-In . SVG Version: 6.00 Build 0) --%3E%3Csvg version='1.1' id='Layer_1' xmlns='http:\/\/www.w3.org\/2000\/svg' xmlns:xlink='http:\/\/www.w3.org\/1999\/xlink' x='0px' y='0px' viewBox='0 0 349 348' style='enable-background:new 0 0 349 348;' xml:space='preserve'%3E%3Cstyle type='text\/css'%3E .st0{fill:%236f2a8e;} %3C\/style%3E%3Cpath class='st0' d='M25.1,204.57c-13.38,0-24.47-10.6-24.97-24.08C0.04,178.09,0,175.97,0,174C0,77.78,78.28-0.5,174.5-0.5 c13.81,0,25,11.19,25,25s-11.19,25-25,25C105.85,49.5,50,105.35,50,174c0,1.37,0.03,2.85,0.1,4.65c0.51,13.8-10.27,25.39-24.07,25.9 C25.72,204.56,25.41,204.57,25.1,204.57z'\/%3E%3Cpath class='st0' d='M174.5,348.5c-13.81,0-25-11.19-25-25c0-13.81,11.19-25,25-25c68.65,0,124.5-55.85,124.5-124.5 c0-1.38-0.03-2.85-0.1-4.65c-0.51-13.8,10.26-25.4,24.06-25.91c13.83-0.53,25.4,10.26,25.91,24.06c0.09,2.39,0.13,4.51,0.13,6.49 C349,270.22,270.72,348.5,174.5,348.5z'\/%3E%3C\/svg%3E&quot;);\n        animation: spin 0.6s linear infinite;\n        \"><\/div>\n<\/div>\n<\/div><\/div><\/div><\/div><\/div><\/div><\/div><\/section>\n","protected":false},"excerpt":{"rendered":"","protected":false},"author":1,"featured_media":0,"parent":0,"menu_order":0,"comment_status":"closed","ping_status":"closed","template":"","meta":{"give_campaign_id":0,"om_disable_all_campaigns":false,"_monsterinsights_skip_tracking":false,"_monsterinsights_sitenote_active":false,"_monsterinsights_sitenote_note":"","_monsterinsights_sitenote_category":0,"_uf_show_specific_survey":0,"_uf_disable_surveys":false,"footnotes":""},"class_list":["post-3583","page","type-page","status-publish","hentry"],"aioseo_notices":[],"campaignId":"","_links":{"self":[{"href":"https:\/\/home.kronozio.com\/fr\/wp-json\/wp\/v2\/pages\/3583","targetHints":{"allow":["GET"]}}],"collection":[{"href":"https:\/\/home.kronozio.com\/fr\/wp-json\/wp\/v2\/pages"}],"about":[{"href":"https:\/\/home.kronozio.com\/fr\/wp-json\/wp\/v2\/types\/page"}],"author":[{"embeddable":true,"href":"https:\/\/home.kronozio.com\/fr\/wp-json\/wp\/v2\/users\/1"}],"replies":[{"embeddable":true,"href":"https:\/\/home.kronozio.com\/fr\/wp-json\/wp\/v2\/comments?post=3583"}],"version-history":[{"count":8,"href":"https:\/\/home.kronozio.com\/fr\/wp-json\/wp\/v2\/pages\/3583\/revisions"}],"predecessor-version":[{"id":3660,"href":"https:\/\/home.kronozio.com\/fr\/wp-json\/wp\/v2\/pages\/3583\/revisions\/3660"}],"wp:attachment":[{"href":"https:\/\/home.kronozio.com\/fr\/wp-json\/wp\/v2\/media?parent=3583"}],"curies":[{"name":"wp","href":"https:\/\/api.w.org\/{rel}","templated":true}]}}